{"id":699,"date":"2025-07-28T14:56:42","date_gmt":"2025-07-28T14:56:42","guid":{"rendered":"https:\/\/www.lecarrossegourmand.ch\/about\/"},"modified":"2025-10-20T19:32:43","modified_gmt":"2025-10-20T19:32:43","slug":"crepes-bretonnes","status":"publish","type":"page","link":"https:\/\/www.lecarrossegourmand.ch\/de_de\/crepes-bretonnes\/","title":{"rendered":"Cr\u00eapes bretonnes"},"content":{"rendered":"<div data-elementor-type=\"wp-post\" data-elementor-id=\"699\" class=\"elementor elementor-699\" data-elementor-post-type=\"page\">\n\t\t\t\t<div class=\"elementor-element elementor-element-9801a12 e-flex e-con-boxed e-con e-parent\" data-id=\"9801a12\" data-element_type=\"container\" data-settings=\"{&quot;background_background&quot;:&quot;classic&quot;}\">\n\t\t\t\t\t<div class=\"e-con-inner\">\n\t\t<div class=\"elementor-element elementor-element-1898efb e-con-full e-flex e-con e-child\" data-id=\"1898efb\" data-element_type=\"container\">\n\t\t\t\t<div class=\"elementor-element elementor-element-689e6fd elementor-widget elementor-widget-heading\" data-id=\"689e6fd\" data-element_type=\"widget\" data-widget_type=\"heading.default\">\n\t\t\t\t\t<h1 class=\"elementor-heading-title elementor-size-default\">Cr\u00eapes bretonnes<\/h1>\t\t\t\t<\/div>\n\t\t\t\t<\/div>\n\t\t\t\t\t<\/div>\n\t\t\t\t<\/div>\n\t\t<div class=\"elementor-element elementor-element-fdba7d8 e-flex e-con-boxed e-con e-parent\" data-id=\"fdba7d8\" data-element_type=\"container\" data-settings=\"{&quot;background_background&quot;:&quot;classic&quot;}\">\n\t\t\t\t\t<div class=\"e-con-inner\">\n\t\t<div class=\"elementor-element elementor-element-4cc44dc e-con-full e-flex e-con e-child\" data-id=\"4cc44dc\" data-element_type=\"container\">\n\t\t\t\t<div class=\"elementor-element elementor-element-22ea674 elementor-widget elementor-widget-heading\" data-id=\"22ea674\" data-element_type=\"widget\" data-widget_type=\"heading.default\">\n\t\t\t\t\t<h3 class=\"elementor-heading-title elementor-size-default\">Traiteur \u00e9v\u00e9nementielle<\/h3>\t\t\t\t<\/div>\n\t\t\t\t<div class=\"elementor-element elementor-element-87b0dbb elementor-widget elementor-widget-heading\" data-id=\"87b0dbb\" data-element_type=\"widget\" data-widget_type=\"heading.default\">\n\t\t\t\t\t<h2 class=\"elementor-heading-title elementor-size-default\">Un carosse pour \u00e9v\u00e9n\u00e8ment int\u00e9rieur \/ ext\u00e9rieur<\/h2>\t\t\t\t<\/div>\n\t\t\t\t<div class=\"elementor-element elementor-element-5bc7b14 elementor-widget-divider--view-line elementor-widget elementor-widget-divider\" data-id=\"5bc7b14\" data-element_type=\"widget\" data-widget_type=\"divider.default\">\n\t\t\t\t\t\t\t<div class=\"elementor-divider\">\n\t\t\t<span class=\"elementor-divider-separator\">\n\t\t\t\t\t\t<\/span>\n\t\t<\/div>\n\t\t\t\t\t\t<\/div>\n\t\t\t\t<div class=\"elementor-element elementor-element-1b1c195 elementor-widget elementor-widget-text-editor\" data-id=\"1b1c195\" data-element_type=\"widget\" data-widget_type=\"text-editor.default\">\n\t\t\t\t\t\t\t\t\t<p>Faites escale dans la tradition bretonne &#8211; Fines, moelleuses et dor\u00e9es \u00e0 souhait, nos cr\u00eapes sont pr\u00e9par\u00e9es \u00e0 partir d&rsquo;une p\u00e2te artisanale, r\u00e9alis\u00e9e avec des ingr\u00e9dients de qualit\u00e9, dont la vanille BIO de Madagascar. Cuites sur place en live cooking, elles se d\u00e9clinent selon vos envies : de la classique cr\u00eape au sucre \u00e0 la version gourmande au Nutella, sans oublier les fruits frais pour les plus healthy d&rsquo;entre vous &#8211; il y en a pour tous les go\u00fbts !<\/p>\n<p>Que ce soit pour un \u00e9v\u00e8nement priv\u00e9, une f\u00eate d&rsquo;entreprise ou un march\u00e9, notre stand de cr\u00eapes apporte chaleur, convivialit\u00e9 et cette irr\u00e9sistible odeur de beurre fondu qui met tout le monde d&rsquo;accord.<\/p>\n\t\t\t\t\t\t\t\t<\/div>\n\t\t\t\t<\/div>\n\t\t\t\t\t<\/div>\n\t\t\t\t<\/div>\n\t\t<div class=\"elementor-element elementor-element-e8d9712 e-flex e-con-boxed e-con e-parent\" data-id=\"e8d9712\" data-element_type=\"container\" data-settings=\"{&quot;background_background&quot;:&quot;classic&quot;}\">\n\t\t\t\t\t<div class=\"e-con-inner\">\n\t\t<div class=\"elementor-element elementor-element-c77f3f5 e-con-full e-flex e-con e-child\" data-id=\"c77f3f5\" data-element_type=\"container\">\n\t\t\t\t<div class=\"elementor-element elementor-element-031065d elementor-widget elementor-widget-spacer\" data-id=\"031065d\" data-element_type=\"widget\" data-widget_type=\"spacer.default\">\n\t\t\t\t\t\t\t<div class=\"elementor-spacer\">\n\t\t\t<div class=\"elementor-spacer-inner\"><\/div>\n\t\t<\/div>\n\t\t\t\t\t\t<\/div>\n\t\t\t\t<\/div>\n\t\t\t\t\t<\/div>\n\t\t\t\t<\/div>\n\t\t<div class=\"elementor-element elementor-element-7ddbba1 e-flex e-con-boxed e-con e-parent\" data-id=\"7ddbba1\" data-element_type=\"container\" data-settings=\"{&quot;background_background&quot;:&quot;classic&quot;}\">\n\t\t\t\t\t<div class=\"e-con-inner\">\n\t\t<div class=\"elementor-element elementor-element-ba77baa e-con-full e-flex e-con e-child\" data-id=\"ba77baa\" data-element_type=\"container\">\n\t\t\t\t<div class=\"elementor-element elementor-element-6cf1be4 uael-img-grid__column-2 uael-ins-hudson uael-img-grid-tablet__column-3 uael-img-grid-mobile__column-2 elementor-widget elementor-widget-uael-image-gallery\" data-id=\"6cf1be4\" data-element_type=\"widget\" data-settings=\"{&quot;gallery_columns&quot;:&quot;2&quot;,&quot;gallery_columns_tablet&quot;:&quot;3&quot;,&quot;gallery_columns_mobile&quot;:&quot;2&quot;,&quot;column_gap&quot;:{&quot;unit&quot;:&quot;px&quot;,&quot;size&quot;:20,&quot;sizes&quot;:[]},&quot;column_gap_tablet&quot;:{&quot;unit&quot;:&quot;px&quot;,&quot;size&quot;:&quot;&quot;,&quot;sizes&quot;:[]},&quot;column_gap_mobile&quot;:{&quot;unit&quot;:&quot;px&quot;,&quot;size&quot;:&quot;&quot;,&quot;sizes&quot;:[]},&quot;row_gap&quot;:{&quot;unit&quot;:&quot;px&quot;,&quot;size&quot;:20,&quot;sizes&quot;:[]},&quot;row_gap_tablet&quot;:{&quot;unit&quot;:&quot;px&quot;,&quot;size&quot;:&quot;&quot;,&quot;sizes&quot;:[]},&quot;row_gap_mobile&quot;:{&quot;unit&quot;:&quot;px&quot;,&quot;size&quot;:&quot;&quot;,&quot;sizes&quot;:[]},&quot;images_valign&quot;:&quot;flex-start&quot;}\" data-widget_type=\"uael-image-gallery.default\">\n\t\t\t\t<div class=\"elementor-widget-container\">\n\t\t\t\t\t<div class=\"uael-gallery-parent uael-caption- uael-gallery-unjustified\"><div class=\"uael-img-gallery-wrap uael-img-grid-wrap uael-img-grid-masonry-wrap uael-image-lightbox-wrap\" data-filter-default=\"All\" data-lightbox_actions=\"[&quot;close&quot;]\" data-lightbox-gallery-loop=\"\"><div class=\"uael-grid-item  uael-img-gallery-item-1\"><div class=\"uael-grid-item-content\"><a class=\"uael-grid-img uael-grid-gallery-img uael-ins-hover elementor-clickable\" data-fancybox=\"uael-gallery\" href=\"https:\/\/www.lecarrossegourmand.ch\/wp-content\/uploads\/2025\/10\/IMG_1079.jpg\" data-elementor-open-lightbox=\"no\"><div class=\"uael-grid-img-thumbnail uael-ins-target\"><img alt=\"\" fetchpriority=\"high\" decoding=\"async\" width=\"612\" height=\"408\" src=\"https:\/\/www.lecarrossegourmand.ch\/wp-content\/uploads\/2025\/10\/IMG_1079.jpg\" class=\"attachment-full size-full wp-image-1290\" srcset=\"https:\/\/www.lecarrossegourmand.ch\/wp-content\/uploads\/2025\/10\/IMG_1079.jpg 612w, https:\/\/www.lecarrossegourmand.ch\/wp-content\/uploads\/2025\/10\/IMG_1079-300x200.jpg 300w, https:\/\/www.lecarrossegourmand.ch\/wp-content\/uploads\/2025\/10\/IMG_1079-18x12.jpg 18w\" sizes=\"(max-width: 612px) 100vw, 612px\" \/><\/div><div class=\"uael-grid-img-overlay\"><\/div><\/a><\/div><\/div><div class=\"uael-grid-item  uael-img-gallery-item-2\"><div class=\"uael-grid-item-content\"><a class=\"uael-grid-img uael-grid-gallery-img uael-ins-hover elementor-clickable\" data-fancybox=\"uael-gallery\" href=\"https:\/\/www.lecarrossegourmand.ch\/wp-content\/uploads\/2025\/07\/ChatGPT-Image-30-juil.-2025-15_26_26.png\" data-elementor-open-lightbox=\"no\"><div class=\"uael-grid-img-thumbnail uael-ins-target\"><img alt=\"\" decoding=\"async\" width=\"1536\" height=\"1024\" src=\"https:\/\/www.lecarrossegourmand.ch\/wp-content\/uploads\/2025\/07\/ChatGPT-Image-30-juil.-2025-15_26_26.png\" class=\"attachment-full size-full wp-image-1047\" srcset=\"https:\/\/www.lecarrossegourmand.ch\/wp-content\/uploads\/2025\/07\/ChatGPT-Image-30-juil.-2025-15_26_26.png 1536w, https:\/\/www.lecarrossegourmand.ch\/wp-content\/uploads\/2025\/07\/ChatGPT-Image-30-juil.-2025-15_26_26-300x200.png 300w, https:\/\/www.lecarrossegourmand.ch\/wp-content\/uploads\/2025\/07\/ChatGPT-Image-30-juil.-2025-15_26_26-1024x683.png 1024w, https:\/\/www.lecarrossegourmand.ch\/wp-content\/uploads\/2025\/07\/ChatGPT-Image-30-juil.-2025-15_26_26-768x512.png 768w\" sizes=\"(max-width: 1536px) 100vw, 1536px\" \/><\/div><div class=\"uael-grid-img-overlay\"><\/div><\/a><\/div><\/div><div class=\"uael-grid-item  uael-img-gallery-item-3\"><div class=\"uael-grid-item-content\"><a class=\"uael-grid-img uael-grid-gallery-img uael-ins-hover elementor-clickable\" data-fancybox=\"uael-gallery\" href=\"https:\/\/www.lecarrossegourmand.ch\/wp-content\/uploads\/2025\/10\/IMG_1084-e1760988755340.jpg\" data-elementor-open-lightbox=\"no\"><div class=\"uael-grid-img-thumbnail uael-ins-target\"><img alt=\"\" decoding=\"async\" width=\"500\" height=\"452\" src=\"https:\/\/www.lecarrossegourmand.ch\/wp-content\/uploads\/2025\/10\/IMG_1084-e1760988755340.jpg\" class=\"attachment-full size-full wp-image-1292\" srcset=\"https:\/\/www.lecarrossegourmand.ch\/wp-content\/uploads\/2025\/10\/IMG_1084-e1760988755340.jpg 500w, https:\/\/www.lecarrossegourmand.ch\/wp-content\/uploads\/2025\/10\/IMG_1084-e1760988755340-300x271.jpg 300w, https:\/\/www.lecarrossegourmand.ch\/wp-content\/uploads\/2025\/10\/IMG_1084-e1760988755340-13x12.jpg 13w\" sizes=\"(max-width: 500px) 100vw, 500px\" \/><\/div><div class=\"uael-grid-img-overlay\"><\/div><\/a><\/div><\/div><div class=\"uael-grid-item  uael-img-gallery-item-4\"><div class=\"uael-grid-item-content\"><a class=\"uael-grid-img uael-grid-gallery-img uael-ins-hover elementor-clickable\" data-fancybox=\"uael-gallery\" href=\"https:\/\/www.lecarrossegourmand.ch\/wp-content\/uploads\/2025\/10\/IMG_1082.jpg\" data-elementor-open-lightbox=\"no\"><div class=\"uael-grid-img-thumbnail uael-ins-target\"><img alt=\"\" loading=\"lazy\" decoding=\"async\" width=\"612\" height=\"476\" src=\"https:\/\/www.lecarrossegourmand.ch\/wp-content\/uploads\/2025\/10\/IMG_1082.jpg\" class=\"attachment-full size-full wp-image-1289\" srcset=\"https:\/\/www.lecarrossegourmand.ch\/wp-content\/uploads\/2025\/10\/IMG_1082.jpg 612w, https:\/\/www.lecarrossegourmand.ch\/wp-content\/uploads\/2025\/10\/IMG_1082-300x233.jpg 300w, https:\/\/www.lecarrossegourmand.ch\/wp-content\/uploads\/2025\/10\/IMG_1082-15x12.jpg 15w\" sizes=\"(max-width: 612px) 100vw, 612px\" \/><\/div><div class=\"uael-grid-img-overlay\"><\/div><\/a><\/div><\/div><div class=\"uael-grid-item  uael-img-gallery-item-5\"><div class=\"uael-grid-item-content\"><a class=\"uael-grid-img uael-grid-gallery-img uael-ins-hover elementor-clickable\" data-fancybox=\"uael-gallery\" href=\"https:\/\/www.lecarrossegourmand.ch\/wp-content\/uploads\/2025\/07\/ChatGPT-Image-30-juil.-2025-15_22_42.png\" data-elementor-open-lightbox=\"no\"><div class=\"uael-grid-img-thumbnail uael-ins-target\"><img alt=\"\" loading=\"lazy\" decoding=\"async\" width=\"1536\" height=\"1024\" src=\"https:\/\/www.lecarrossegourmand.ch\/wp-content\/uploads\/2025\/07\/ChatGPT-Image-30-juil.-2025-15_22_42.png\" class=\"attachment-full size-full wp-image-1046\" srcset=\"https:\/\/www.lecarrossegourmand.ch\/wp-content\/uploads\/2025\/07\/ChatGPT-Image-30-juil.-2025-15_22_42.png 1536w, https:\/\/www.lecarrossegourmand.ch\/wp-content\/uploads\/2025\/07\/ChatGPT-Image-30-juil.-2025-15_22_42-300x200.png 300w, https:\/\/www.lecarrossegourmand.ch\/wp-content\/uploads\/2025\/07\/ChatGPT-Image-30-juil.-2025-15_22_42-1024x683.png 1024w, https:\/\/www.lecarrossegourmand.ch\/wp-content\/uploads\/2025\/07\/ChatGPT-Image-30-juil.-2025-15_22_42-768x512.png 768w\" sizes=\"(max-width: 1536px) 100vw, 1536px\" \/><\/div><div class=\"uael-grid-img-overlay\"><\/div><\/a><\/div><\/div><div class=\"uael-grid-item  uael-img-gallery-item-6\"><div class=\"uael-grid-item-content\"><a class=\"uael-grid-img uael-grid-gallery-img uael-ins-hover elementor-clickable\" data-fancybox=\"uael-gallery\" href=\"https:\/\/www.lecarrossegourmand.ch\/wp-content\/uploads\/2025\/10\/IMG_1080.jpg\" data-elementor-open-lightbox=\"no\"><div class=\"uael-grid-img-thumbnail uael-ins-target\"><img alt=\"\" loading=\"lazy\" decoding=\"async\" width=\"612\" height=\"408\" src=\"https:\/\/www.lecarrossegourmand.ch\/wp-content\/uploads\/2025\/10\/IMG_1080.jpg\" class=\"attachment-full size-full wp-image-1288\" srcset=\"https:\/\/www.lecarrossegourmand.ch\/wp-content\/uploads\/2025\/10\/IMG_1080.jpg 612w, https:\/\/www.lecarrossegourmand.ch\/wp-content\/uploads\/2025\/10\/IMG_1080-300x200.jpg 300w, https:\/\/www.lecarrossegourmand.ch\/wp-content\/uploads\/2025\/10\/IMG_1080-18x12.jpg 18w\" sizes=\"(max-width: 612px) 100vw, 612px\" \/><\/div><div class=\"uael-grid-img-overlay\"><\/div><\/a><\/div><\/div><\/div><\/div>\t\t\t\t<\/div>\n\t\t\t\t<\/div>\n\t\t\t\t<\/div>\n\t\t\t\t\t<\/div>\n\t\t\t\t<\/div>\n\t\t<div class=\"elementor-element elementor-element-435440d e-flex e-con-boxed e-con e-parent\" data-id=\"435440d\" data-element_type=\"container\" data-settings=\"{&quot;background_background&quot;:&quot;classic&quot;}\">\n\t\t\t\t\t<div class=\"e-con-inner\">\n\t\t<div class=\"elementor-element elementor-element-e54fd49 e-con-full e-flex e-con e-child\" data-id=\"e54fd49\" data-element_type=\"container\">\n\t\t\t\t<div class=\"elementor-element elementor-element-bab35f8 elementor-widget elementor-widget-spacer\" data-id=\"bab35f8\" data-element_type=\"widget\" data-widget_type=\"spacer.default\">\n\t\t\t\t\t\t\t<div class=\"elementor-spacer\">\n\t\t\t<div class=\"elementor-spacer-inner\"><\/div>\n\t\t<\/div>\n\t\t\t\t\t\t<\/div>\n\t\t\t\t<\/div>\n\t\t\t\t\t<\/div>\n\t\t\t\t<\/div>\n\t\t<div class=\"elementor-element elementor-element-07682ab e-flex e-con-boxed e-con e-parent\" data-id=\"07682ab\" data-element_type=\"container\" data-settings=\"{&quot;background_background&quot;:&quot;classic&quot;}\">\n\t\t\t\t\t<div class=\"e-con-inner\">\n\t\t<div class=\"elementor-element elementor-element-3c39f7f e-con-full e-flex e-con e-child\" data-id=\"3c39f7f\" data-element_type=\"container\">\n\t\t\t\t<div class=\"elementor-element elementor-element-9edce02 elementor-widget elementor-widget-heading\" data-id=\"9edce02\" data-element_type=\"widget\" data-widget_type=\"heading.default\">\n\t\t\t\t\t<h4 class=\"elementor-heading-title elementor-size-default\">Contactez - nous !<\/h4>\t\t\t\t<\/div>\n\t\t\t\t<div class=\"elementor-element elementor-element-f93bafa elementor-widget elementor-widget-heading\" data-id=\"f93bafa\" data-element_type=\"widget\" data-widget_type=\"heading.default\">\n\t\t\t\t\t<h2 class=\"elementor-heading-title elementor-size-default\">+41 78 240 02 82<\/h2>\t\t\t\t<\/div>\n\t\t\t\t<div class=\"elementor-element elementor-element-77f3f21 elementor-align-center elementor-widget elementor-widget-button\" data-id=\"77f3f21\" data-element_type=\"widget\" data-widget_type=\"button.default\">\n\t\t\t\t\t\t\t\t\t\t<a class=\"elementor-button elementor-button-link elementor-size-sm\" href=\"https:\/\/www.lecarrossegourmand.ch\/de_de\/contact\/\">\n\t\t\t\t\t\t<span class=\"elementor-button-content-wrapper\">\n\t\t\t\t\t\t\t\t\t<span class=\"elementor-button-text\">Demande de devis<\/span>\n\t\t\t\t\t<\/span>\n\t\t\t\t\t<\/a>\n\t\t\t\t\t\t\t\t<\/div>\n\t\t\t\t<div class=\"elementor-element elementor-element-63d8187 elementor-shape-rounded elementor-grid-0 e-grid-align-center elementor-widget elementor-widget-social-icons\" data-id=\"63d8187\" data-element_type=\"widget\" data-widget_type=\"social-icons.default\">\n\t\t\t\t\t\t\t<div class=\"elementor-social-icons-wrapper elementor-grid\" role=\"list\">\n\t\t\t\t\t\t\t<span class=\"elementor-grid-item\" role=\"listitem\">\n\t\t\t\t\t<a class=\"elementor-icon elementor-social-icon elementor-social-icon-facebook elementor-repeater-item-4471c88\" href=\"https:\/\/www.facebook.com\/profile.php?id=61583295251114\" target=\"_blank\">\n\t\t\t\t\t\t<span class=\"elementor-screen-only\">Facebook<\/span>\n\t\t\t\t\t\t<svg aria-hidden=\"true\" class=\"e-font-icon-svg e-fab-facebook\" viewbox=\"0 0 512 512\" xmlns=\"http:\/\/www.w3.org\/2000\/svg\"><path d=\"M504 256C504 119 393 8 256 8S8 119 8 256c0 123.78 90.69 226.38 209.25 245V327.69h-63V256h63v-54.64c0-62.15 37-96.48 93.67-96.48 27.14 0 55.52 4.84 55.52 4.84v61h-31.28c-30.8 0-40.41 19.12-40.41 38.73V256h68.78l-11 71.69h-57.78V501C413.31 482.38 504 379.78 504 256z\"><\/path><\/svg>\t\t\t\t\t<\/a>\n\t\t\t\t<\/span>\n\t\t\t\t\t\t\t<span class=\"elementor-grid-item\" role=\"listitem\">\n\t\t\t\t\t<a class=\"elementor-icon elementor-social-icon elementor-social-icon-instagram elementor-repeater-item-cc1e0a6\" href=\"https:\/\/www.instagram.com\/le_carrosse_gourmand\/\" target=\"_blank\">\n\t\t\t\t\t\t<span class=\"elementor-screen-only\">Instagram<\/span>\n\t\t\t\t\t\t<svg aria-hidden=\"true\" class=\"e-font-icon-svg e-fab-instagram\" viewbox=\"0 0 448 512\" xmlns=\"http:\/\/www.w3.org\/2000\/svg\"><path d=\"M224.1 141c-63.6 0-114.9 51.3-114.9 114.9s51.3 114.9 114.9 114.9S339 319.5 339 255.9 287.7 141 224.1 141zm0 189.6c-41.1 0-74.7-33.5-74.7-74.7s33.5-74.7 74.7-74.7 74.7 33.5 74.7 74.7-33.6 74.7-74.7 74.7zm146.4-194.3c0 14.9-12 26.8-26.8 26.8-14.9 0-26.8-12-26.8-26.8s12-26.8 26.8-26.8 26.8 12 26.8 26.8zm76.1 27.2c-1.7-35.9-9.9-67.7-36.2-93.9-26.2-26.2-58-34.4-93.9-36.2-37-2.1-147.9-2.1-184.9 0-35.8 1.7-67.6 9.9-93.9 36.1s-34.4 58-36.2 93.9c-2.1 37-2.1 147.9 0 184.9 1.7 35.9 9.9 67.7 36.2 93.9s58 34.4 93.9 36.2c37 2.1 147.9 2.1 184.9 0 35.9-1.7 67.7-9.9 93.9-36.2 26.2-26.2 34.4-58 36.2-93.9 2.1-37 2.1-147.8 0-184.8zM398.8 388c-7.8 19.6-22.9 34.7-42.6 42.6-29.5 11.7-99.5 9-132.1 9s-102.7 2.6-132.1-9c-19.6-7.8-34.7-22.9-42.6-42.6-11.7-29.5-9-99.5-9-132.1s-2.6-102.7 9-132.1c7.8-19.6 22.9-34.7 42.6-42.6 29.5-11.7 99.5-9 132.1-9s102.7-2.6 132.1 9c19.6 7.8 34.7 22.9 42.6 42.6 11.7 29.5 9 99.5 9 132.1s2.7 102.7-9 132.1z\"><\/path><\/svg>\t\t\t\t\t<\/a>\n\t\t\t\t<\/span>\n\t\t\t\t\t<\/div>\n\t\t\t\t\t\t<\/div>\n\t\t\t\t<\/div>\n\t\t\t\t\t<\/div>\n\t\t\t\t<\/div>\n\t\t\t\t<\/div>","protected":false},"excerpt":{"rendered":"<p>Contactez &#8211; nous ! Demande de devis Facebook Instagram<\/p>","protected":false},"author":1,"featured_media":1162,"parent":0,"menu_order":0,"comment_status":"closed","ping_status":"closed","template":"","meta":{"_acf_changed":false,"_seopress_robots_primary_cat":"","_seopress_titles_title":"Cr\u00eapier \u00e0 domicile pour vos animations en Suisse romande","_seopress_titles_desc":"Pour particuliers et entreprises, demandez un devis gratuitement en deux clics !","_seopress_robots_index":"","site-sidebar-layout":"no-sidebar","site-content-layout":"page-builder","ast-site-content-layout":"full-width-container","site-content-style":"unboxed","site-sidebar-style":"unboxed","ast-global-header-display":"","ast-banner-title-visibility":"","ast-main-header-display":"","ast-hfb-above-header-display":"","ast-hfb-below-header-display":"","ast-hfb-mobile-header-display":"","site-post-title":"disabled","ast-breadcrumbs-content":"","ast-featured-img":"disabled","footer-sml-layout":"","ast-disable-related-posts":"","theme-transparent-header-meta":"default","adv-header-id-meta":"","stick-header-meta":"","header-above-stick-meta":"","header-main-stick-meta":"","header-below-stick-meta":"","astra-migrate-meta-layouts":"set","ast-page-background-enabled":"default","ast-page-background-meta":{"desktop":{"background-color":"","background-image":"","background-repeat":"repeat","background-position":"center center","background-size":"auto","background-attachment":"scroll","background-type":"","background-media":"","overlay-type":"","overlay-color":"","overlay-opacity":"","overlay-gradient":""},"tablet":{"background-color":"","background-image":"","background-repeat":"repeat","background-position":"center center","background-size":"auto","background-attachment":"scroll","background-type":"","background-media":"","overlay-type":"","overlay-color":"","overlay-opacity":"","overlay-gradient":""},"mobile":{"background-color":"","background-image":"","background-repeat":"repeat","background-position":"center center","background-size":"auto","background-attachment":"scroll","background-type":"","background-media":"","overlay-type":"","overlay-color":"","overlay-opacity":"","overlay-gradient":""}},"ast-content-background-meta":{"desktop":{"background-color":"var(--ast-global-color-5)","background-image":"","background-repeat":"repeat","background-position":"center center","background-size":"auto","background-attachment":"scroll","background-type":"","background-media":"","overlay-type":"","overlay-color":"","overlay-opacity":"","overlay-gradient":""},"tablet":{"background-color":"var(--ast-global-color-5)","background-image":"","background-repeat":"repeat","background-position":"center center","background-size":"auto","background-attachment":"scroll","background-type":"","background-media":"","overlay-type":"","overlay-color":"","overlay-opacity":"","overlay-gradient":""},"mobile":{"background-color":"var(--ast-global-color-5)","background-image":"","background-repeat":"repeat","background-position":"center center","background-size":"auto","background-attachment":"scroll","background-type":"","background-media":"","overlay-type":"","overlay-color":"","overlay-opacity":"","overlay-gradient":""}},"footnotes":""},"class_list":["post-699","page","type-page","status-publish","has-post-thumbnail","hentry"],"acf":[],"_links":{"self":[{"href":"https:\/\/www.lecarrossegourmand.ch\/de_de\/wp-json\/wp\/v2\/pages\/699","targetHints":{"allow":["GET"]}}],"collection":[{"href":"https:\/\/www.lecarrossegourmand.ch\/de_de\/wp-json\/wp\/v2\/pages"}],"about":[{"href":"https:\/\/www.lecarrossegourmand.ch\/de_de\/wp-json\/wp\/v2\/types\/page"}],"author":[{"embeddable":true,"href":"https:\/\/www.lecarrossegourmand.ch\/de_de\/wp-json\/wp\/v2\/users\/1"}],"replies":[{"embeddable":true,"href":"https:\/\/www.lecarrossegourmand.ch\/de_de\/wp-json\/wp\/v2\/comments?post=699"}],"version-history":[{"count":50,"href":"https:\/\/www.lecarrossegourmand.ch\/de_de\/wp-json\/wp\/v2\/pages\/699\/revisions"}],"predecessor-version":[{"id":1297,"href":"https:\/\/www.lecarrossegourmand.ch\/de_de\/wp-json\/wp\/v2\/pages\/699\/revisions\/1297"}],"wp:featuredmedia":[{"embeddable":true,"href":"https:\/\/www.lecarrossegourmand.ch\/de_de\/wp-json\/wp\/v2\/media\/1162"}],"wp:attachment":[{"href":"https:\/\/www.lecarrossegourmand.ch\/de_de\/wp-json\/wp\/v2\/media?parent=699"}],"curies":[{"name":"wp","href":"https:\/\/api.w.org\/{rel}","templated":true}]}}